{"id":313,"date":"2025-05-27T19:46:06","date_gmt":"2025-05-27T19:46:06","guid":{"rendered":"https:\/\/nauyacawaterfallscostarica.com\/?post_type=product&#038;p=313"},"modified":"2026-02-05T14:50:23","modified_gmt":"2026-02-05T20:50:23","slug":"tour-4x4","status":"publish","type":"product","link":"https:\/\/nauyacawaterfallscostarica.com\/en\/product\/tour-4x4\/","title":{"rendered":"Pick-up Tour"},"content":{"rendered":"<p>DTomar las siguientes <a href=\"https:\/\/nauyacawaterfallscostarica.com\/?page_id=214\">consideraciones<\/a><\/p>\n<p>Para una visita r\u00e1pida, econ\u00f3mica y accesible esta es la opci\u00f3n correcta ya que te llevamos por caminos privados en veh\u00edculo 4\u00d74 hasta las cataratas donde \u00fanicamente caminar\u00edan 150 metros planos a la catarata #1 y 300 metros planos con 10 escalones a la catarata #2.<br \/>\nAccesible para adultos mayores, ni\u00f1os y personas con discapacidad<br \/>\nEl traslado en pick up toma 30min por v\u00eda<br \/>\nStaying time at the waterfalls: 2 hours.<br \/>\nTotal tour time: 3 hours.<br \/>\nIncludes: Round-trip transportation, parking, and admission.<\/p>\n<p>Nuestro horario para el Tour Econ\u00f3mico 4\u00d74 es:<\/p>\n<ul>\n<li>07:00 am \u2013 09:30 am<\/li>\n<li>08:00 am \u2013 10:30 am<\/li>\n<li>09:00 am \u2013 11:30 am<\/li>\n<li>10:00 am \u2013 12:30 pm<\/li>\n<li>11:00 am \u2013 01:30 pm<\/li>\n<li>12:00 md \u2013 02:30 pm<\/li>\n<li>01:00 pm &#8211; 03:30 pm<\/li>\n<\/ul>\n<p>El Horario para saltar de 9:30am a 11:30am (de lunes a s\u00e1bado) y \u00fanicamente en verano y si los gu\u00edas est\u00e1n disponibles.<\/p>\n<p>Cupo limitado<\/p>","protected":false},"excerpt":{"rendered":"<p>Ideal para una visita r\u00e1pida, accesible y sin largas caminatas. Incluye transporte en veh\u00edculo 4\u00d74 por caminos privados hasta las cataratas.<br data-start=\"419\" data-end=\"422\" \/>Duraci\u00f3n total: 3 horas (incluye 2 horas en las cataratas).<br data-start=\"481\" data-end=\"484\" \/>Incluye transporte ida y vuelta, parqueo y tiquete de admisi\u00f3n.<br data-start=\"547\" data-end=\"550\" data-is-only-node=\"\" \/><strong data-start=\"550\" data-end=\"609\">Salidas disponibles cada hora de 7:00 a.m. a 12:00 m.d.<\/strong><br data-start=\"609\" data-end=\"612\" \/><strong data-start=\"612\" data-end=\"630\">Cupo limitado.<\/strong><\/p>","protected":false},"featured_media":857,"template":"","meta":{"site-sidebar-layout":"default","site-content-layout":"","ast-site-content-layout":"full-width-container","site-content-style":"default","site-sidebar-style":"default","ast-global-header-display":"","ast-banner-title-visibility":"","ast-main-header-display":"","ast-hfb-above-header-display":"","ast-hfb-below-header-display":"","ast-hfb-mobile-header-display":"","site-post-title":"","ast-breadcrumbs-content":"","ast-featured-img":"","footer-sml-layout":"","theme-transparent-header-meta":"default","adv-header-id-meta":"","stick-header-meta":"","header-above-stick-meta":"","header-main-stick-meta":"","header-below-stick-meta":"","astra-migrate-meta-layouts":"set","ast-page-background-enabled":"default","ast-page-background-meta":{"desktop":{"background-color":"var(--ast-global-color-5)","background-image":"","background-repeat":"repeat","background-position":"center center","background-size":"auto","background-attachment":"scroll","background-type":"","background-media":"","overlay-type":"","overlay-color":"","overlay-opacity":"","overlay-gradient":""},"tablet":{"background-color":"","background-image":"","background-repeat":"repeat","background-position":"center center","background-size":"auto","background-attachment":"scroll","background-type":"","background-media":"","overlay-type":"","overlay-color":"","overlay-opacity":"","overlay-gradient":""},"mobile":{"background-color":"","background-image":"","background-repeat":"repeat","background-position":"center center","background-size":"auto","background-attachment":"scroll","background-type":"","background-media":"","overlay-type":"","overlay-color":"","overlay-opacity":"","overlay-gradient":""}},"ast-content-background-meta":{"desktop":{"background-color":"var(--ast-global-color-4)","background-image":"","background-repeat":"repeat","background-position":"center center","background-size":"auto","background-attachment":"scroll","background-type":"","background-media":"","overlay-type":"","overlay-color":"","overlay-opacity":"","overlay-gradient":""},"tablet":{"background-color":"var(--ast-global-color-4)","background-image":"","background-repeat":"repeat","background-position":"center center","background-size":"auto","background-attachment":"scroll","background-type":"","background-media":"","overlay-type":"","overlay-color":"","overlay-opacity":"","overlay-gradient":""},"mobile":{"background-color":"var(--ast-global-color-4)","background-image":"","background-repeat":"repeat","background-position":"center center","background-size":"auto","background-attachment":"scroll","background-type":"","background-media":"","overlay-type":"","overlay-color":"","overlay-opacity":"","overlay-gradient":""}}},"product_brand":[],"product_cat":[27],"product_tag":[],"class_list":{"0":"post-313","1":"product","2":"type-product","3":"status-publish","4":"has-post-thumbnail","6":"product_cat-4x4","7":"desktop-align-left","8":"tablet-align-left","9":"mobile-align-left","11":"first","12":"instock","13":"virtual","14":"sold-individually","15":"purchasable","16":"product-type-booking"},"yoast_head":"<!-- This site is optimized with the Yoast SEO plugin v26.7 - https:\/\/yoast.com\/wordpress\/plugins\/seo\/ -->\n<title>Tour en Pick Up - nauyacawaterfallscostarica.com<\/title>\n<meta name=\"description\" content=\"Explora los tours a las Cataratas Nauyaca: caminatas, cabalgatas y aventuras 4x4 en plena naturaleza costarricense. \u00a1Reserva tu experiencia hoy! - Explore Nauyaca Waterfalls tours: hiking, horseback riding, and 4x4 adventures in Costa Rica\u2019s lush nature. Book your unforgettable experience today!\" \/>\n<meta name=\"robots\" content=\"index, follow, max-snippet:-1, max-image-preview:large, max-video-preview:-1\" \/>\n<link rel=\"canonical\" href=\"https:\/\/nauyacawaterfallscostarica.com\/en\/product\/tour-4x4\/\" \/>\n<meta property=\"og:locale\" content=\"en_US\" \/>\n<meta property=\"og:type\" content=\"article\" \/>\n<meta property=\"og:title\" content=\"Tour en Pick Up - nauyacawaterfallscostarica.com\" \/>\n<meta property=\"og:description\" content=\"Explora los tours a las Cataratas Nauyaca: caminatas, cabalgatas y aventuras 4x4 en plena naturaleza costarricense. \u00a1Reserva tu experiencia hoy! - Explore Nauyaca Waterfalls tours: hiking, horseback riding, and 4x4 adventures in Costa Rica\u2019s lush nature. Book your unforgettable experience today!\" \/>\n<meta property=\"og:url\" content=\"https:\/\/nauyacawaterfallscostarica.com\/en\/product\/tour-4x4\/\" \/>\n<meta property=\"og:site_name\" content=\"nauyacawaterfallscostarica.com\" \/>\n<meta property=\"article:publisher\" content=\"https:\/\/www.facebook.com\/nauyacawaterfalls.cr\/\" \/>\n<meta property=\"article:modified_time\" content=\"2026-02-05T20:50:23+00:00\" \/>\n<meta property=\"og:image\" content=\"https:\/\/nauyacawaterfallscostarica.com\/wp-content\/uploads\/2025\/07\/IMG_0558.jpg\" \/>\n\t<meta property=\"og:image:width\" content=\"1500\" \/>\n\t<meta property=\"og:image:height\" content=\"842\" \/>\n\t<meta property=\"og:image:type\" content=\"image\/jpeg\" \/>\n<meta name=\"twitter:card\" content=\"summary_large_image\" \/>\n<meta name=\"twitter:site\" content=\"@NauyacaA\" \/>\n<meta name=\"twitter:label1\" content=\"Est. reading time\" \/>\n\t<meta name=\"twitter:data1\" content=\"1 minute\" \/>\n<script type=\"application\/ld+json\" class=\"yoast-schema-graph\">{\"@context\":\"https:\/\/schema.org\",\"@graph\":[{\"@type\":\"WebPage\",\"@id\":\"https:\/\/nauyacawaterfallscostarica.com\/producto\/tour-4x4\/\",\"url\":\"https:\/\/nauyacawaterfallscostarica.com\/producto\/tour-4x4\/\",\"name\":\"Tour en Pick Up - nauyacawaterfallscostarica.com\",\"isPartOf\":{\"@id\":\"https:\/\/nauyacawaterfallscostarica.com\/#website\"},\"primaryImageOfPage\":{\"@id\":\"https:\/\/nauyacawaterfallscostarica.com\/producto\/tour-4x4\/#primaryimage\"},\"image\":{\"@id\":\"https:\/\/nauyacawaterfallscostarica.com\/producto\/tour-4x4\/#primaryimage\"},\"thumbnailUrl\":\"https:\/\/nauyacawaterfallscostarica.com\/wp-content\/uploads\/2025\/07\/IMG_0558.jpg\",\"datePublished\":\"2025-05-27T19:46:06+00:00\",\"dateModified\":\"2026-02-05T20:50:23+00:00\",\"description\":\"Explora los tours a las Cataratas Nauyaca: caminatas, cabalgatas y aventuras 4x4 en plena naturaleza costarricense. \u00a1Reserva tu experiencia hoy! - Explore Nauyaca Waterfalls tours: hiking, horseback riding, and 4x4 adventures in Costa Rica\u2019s lush nature. Book your unforgettable experience today!\",\"breadcrumb\":{\"@id\":\"https:\/\/nauyacawaterfallscostarica.com\/producto\/tour-4x4\/#breadcrumb\"},\"inLanguage\":\"en-US\",\"potentialAction\":[{\"@type\":\"ReadAction\",\"target\":[\"https:\/\/nauyacawaterfallscostarica.com\/producto\/tour-4x4\/\"]}]},{\"@type\":\"ImageObject\",\"inLanguage\":\"en-US\",\"@id\":\"https:\/\/nauyacawaterfallscostarica.com\/producto\/tour-4x4\/#primaryimage\",\"url\":\"https:\/\/nauyacawaterfallscostarica.com\/wp-content\/uploads\/2025\/07\/IMG_0558.jpg\",\"contentUrl\":\"https:\/\/nauyacawaterfallscostarica.com\/wp-content\/uploads\/2025\/07\/IMG_0558.jpg\",\"width\":1500,\"height\":842},{\"@type\":\"BreadcrumbList\",\"@id\":\"https:\/\/nauyacawaterfallscostarica.com\/producto\/tour-4x4\/#breadcrumb\",\"itemListElement\":[{\"@type\":\"ListItem\",\"position\":1,\"name\":\"Home\",\"item\":\"https:\/\/nauyacawaterfallscostarica.com\/\"},{\"@type\":\"ListItem\",\"position\":2,\"name\":\"Tienda\",\"item\":\"https:\/\/nauyacawaterfallscostarica.com\/tienda\/\"},{\"@type\":\"ListItem\",\"position\":3,\"name\":\"Tour en Pick Up\"}]},{\"@type\":\"WebSite\",\"@id\":\"https:\/\/nauyacawaterfallscostarica.com\/#website\",\"url\":\"https:\/\/nauyacawaterfallscostarica.com\/\",\"name\":\"Nauyaca Waterfalls\",\"description\":\"A paradise for you. - Un para\u00edso para usted\",\"publisher\":{\"@id\":\"https:\/\/nauyacawaterfallscostarica.com\/#organization\"},\"alternateName\":\"Cataratas Nauyaca\",\"potentialAction\":[{\"@type\":\"SearchAction\",\"target\":{\"@type\":\"EntryPoint\",\"urlTemplate\":\"https:\/\/nauyacawaterfallscostarica.com\/?s={search_term_string}\"},\"query-input\":{\"@type\":\"PropertyValueSpecification\",\"valueRequired\":true,\"valueName\":\"search_term_string\"}}],\"inLanguage\":\"en-US\"},{\"@type\":\"Organization\",\"@id\":\"https:\/\/nauyacawaterfallscostarica.com\/#organization\",\"name\":\"Cataratas Nauyaca S.A\",\"url\":\"https:\/\/nauyacawaterfallscostarica.com\/\",\"logo\":{\"@type\":\"ImageObject\",\"inLanguage\":\"en-US\",\"@id\":\"https:\/\/nauyacawaterfallscostarica.com\/#\/schema\/logo\/image\/\",\"url\":\"https:\/\/nauyacawaterfallscostarica.com\/wp-content\/uploads\/2025\/05\/Recurso-6-8-1.png\",\"contentUrl\":\"https:\/\/nauyacawaterfallscostarica.com\/wp-content\/uploads\/2025\/05\/Recurso-6-8-1.png\",\"width\":465,\"height\":504,\"caption\":\"Cataratas Nauyaca S.A\"},\"image\":{\"@id\":\"https:\/\/nauyacawaterfallscostarica.com\/#\/schema\/logo\/image\/\"},\"sameAs\":[\"https:\/\/www.facebook.com\/nauyacawaterfalls.cr\/\",\"https:\/\/x.com\/NauyacaA\",\"https:\/\/www.instagram.com\/nauyaca_waterfalls\"]}]}<\/script>\n<!-- \/ Yoast SEO plugin. -->","yoast_head_json":{"title":"Tour en Pick Up - nauyacawaterfallscostarica.com","description":"Explora los tours a las Cataratas Nauyaca: caminatas, cabalgatas y aventuras 4x4 en plena naturaleza costarricense. \u00a1Reserva tu experiencia hoy! - Explore Nauyaca Waterfalls tours: hiking, horseback riding, and 4x4 adventures in Costa Rica\u2019s lush nature. Book your unforgettable experience today!","robots":{"index":"index","follow":"follow","max-snippet":"max-snippet:-1","max-image-preview":"max-image-preview:large","max-video-preview":"max-video-preview:-1"},"canonical":"https:\/\/nauyacawaterfallscostarica.com\/en\/product\/tour-4x4\/","og_locale":"en_US","og_type":"article","og_title":"Tour en Pick Up - nauyacawaterfallscostarica.com","og_description":"Explora los tours a las Cataratas Nauyaca: caminatas, cabalgatas y aventuras 4x4 en plena naturaleza costarricense. \u00a1Reserva tu experiencia hoy! - Explore Nauyaca Waterfalls tours: hiking, horseback riding, and 4x4 adventures in Costa Rica\u2019s lush nature. Book your unforgettable experience today!","og_url":"https:\/\/nauyacawaterfallscostarica.com\/en\/product\/tour-4x4\/","og_site_name":"nauyacawaterfallscostarica.com","article_publisher":"https:\/\/www.facebook.com\/nauyacawaterfalls.cr\/","article_modified_time":"2026-02-05T20:50:23+00:00","og_image":[{"width":1500,"height":842,"url":"https:\/\/nauyacawaterfallscostarica.com\/wp-content\/uploads\/2025\/07\/IMG_0558.jpg","type":"image\/jpeg"}],"twitter_card":"summary_large_image","twitter_site":"@NauyacaA","twitter_misc":{"Est. reading time":"1 minute"},"schema":{"@context":"https:\/\/schema.org","@graph":[{"@type":"WebPage","@id":"https:\/\/nauyacawaterfallscostarica.com\/producto\/tour-4x4\/","url":"https:\/\/nauyacawaterfallscostarica.com\/producto\/tour-4x4\/","name":"Tour en Pick Up - nauyacawaterfallscostarica.com","isPartOf":{"@id":"https:\/\/nauyacawaterfallscostarica.com\/#website"},"primaryImageOfPage":{"@id":"https:\/\/nauyacawaterfallscostarica.com\/producto\/tour-4x4\/#primaryimage"},"image":{"@id":"https:\/\/nauyacawaterfallscostarica.com\/producto\/tour-4x4\/#primaryimage"},"thumbnailUrl":"https:\/\/nauyacawaterfallscostarica.com\/wp-content\/uploads\/2025\/07\/IMG_0558.jpg","datePublished":"2025-05-27T19:46:06+00:00","dateModified":"2026-02-05T20:50:23+00:00","description":"Explora los tours a las Cataratas Nauyaca: caminatas, cabalgatas y aventuras 4x4 en plena naturaleza costarricense. \u00a1Reserva tu experiencia hoy! - Explore Nauyaca Waterfalls tours: hiking, horseback riding, and 4x4 adventures in Costa Rica\u2019s lush nature. Book your unforgettable experience today!","breadcrumb":{"@id":"https:\/\/nauyacawaterfallscostarica.com\/producto\/tour-4x4\/#breadcrumb"},"inLanguage":"en-US","potentialAction":[{"@type":"ReadAction","target":["https:\/\/nauyacawaterfallscostarica.com\/producto\/tour-4x4\/"]}]},{"@type":"ImageObject","inLanguage":"en-US","@id":"https:\/\/nauyacawaterfallscostarica.com\/producto\/tour-4x4\/#primaryimage","url":"https:\/\/nauyacawaterfallscostarica.com\/wp-content\/uploads\/2025\/07\/IMG_0558.jpg","contentUrl":"https:\/\/nauyacawaterfallscostarica.com\/wp-content\/uploads\/2025\/07\/IMG_0558.jpg","width":1500,"height":842},{"@type":"BreadcrumbList","@id":"https:\/\/nauyacawaterfallscostarica.com\/producto\/tour-4x4\/#breadcrumb","itemListElement":[{"@type":"ListItem","position":1,"name":"Home","item":"https:\/\/nauyacawaterfallscostarica.com\/"},{"@type":"ListItem","position":2,"name":"Tienda","item":"https:\/\/nauyacawaterfallscostarica.com\/tienda\/"},{"@type":"ListItem","position":3,"name":"Tour en Pick Up"}]},{"@type":"WebSite","@id":"https:\/\/nauyacawaterfallscostarica.com\/#website","url":"https:\/\/nauyacawaterfallscostarica.com\/","name":"Nauyaca Waterfalls","description":"A paradise for you. - Un para\u00edso para usted","publisher":{"@id":"https:\/\/nauyacawaterfallscostarica.com\/#organization"},"alternateName":"Cataratas Nauyaca","potentialAction":[{"@type":"SearchAction","target":{"@type":"EntryPoint","urlTemplate":"https:\/\/nauyacawaterfallscostarica.com\/?s={search_term_string}"},"query-input":{"@type":"PropertyValueSpecification","valueRequired":true,"valueName":"search_term_string"}}],"inLanguage":"en-US"},{"@type":"Organization","@id":"https:\/\/nauyacawaterfallscostarica.com\/#organization","name":"Cataratas Nauyaca S.A","url":"https:\/\/nauyacawaterfallscostarica.com\/","logo":{"@type":"ImageObject","inLanguage":"en-US","@id":"https:\/\/nauyacawaterfallscostarica.com\/#\/schema\/logo\/image\/","url":"https:\/\/nauyacawaterfallscostarica.com\/wp-content\/uploads\/2025\/05\/Recurso-6-8-1.png","contentUrl":"https:\/\/nauyacawaterfallscostarica.com\/wp-content\/uploads\/2025\/05\/Recurso-6-8-1.png","width":465,"height":504,"caption":"Cataratas Nauyaca S.A"},"image":{"@id":"https:\/\/nauyacawaterfallscostarica.com\/#\/schema\/logo\/image\/"},"sameAs":["https:\/\/www.facebook.com\/nauyacawaterfalls.cr\/","https:\/\/x.com\/NauyacaA","https:\/\/www.instagram.com\/nauyaca_waterfalls"]}]}},"_links":{"self":[{"href":"https:\/\/nauyacawaterfallscostarica.com\/en\/wp-json\/wp\/v2\/product\/313","targetHints":{"allow":["GET"]}}],"collection":[{"href":"https:\/\/nauyacawaterfallscostarica.com\/en\/wp-json\/wp\/v2\/product"}],"about":[{"href":"https:\/\/nauyacawaterfallscostarica.com\/en\/wp-json\/wp\/v2\/types\/product"}],"wp:featuredmedia":[{"embeddable":true,"href":"https:\/\/nauyacawaterfallscostarica.com\/en\/wp-json\/wp\/v2\/media\/857"}],"wp:attachment":[{"href":"https:\/\/nauyacawaterfallscostarica.com\/en\/wp-json\/wp\/v2\/media?parent=313"}],"wp:term":[{"taxonomy":"product_brand","embeddable":true,"href":"https:\/\/nauyacawaterfallscostarica.com\/en\/wp-json\/wp\/v2\/product_brand?post=313"},{"taxonomy":"product_cat","embeddable":true,"href":"https:\/\/nauyacawaterfallscostarica.com\/en\/wp-json\/wp\/v2\/product_cat?post=313"},{"taxonomy":"product_tag","embeddable":true,"href":"https:\/\/nauyacawaterfallscostarica.com\/en\/wp-json\/wp\/v2\/product_tag?post=313"}],"curies":[{"name":"wp","href":"https:\/\/api.w.org\/{rel}","templated":true}]}}