{"id":637,"date":"2025-06-17T16:57:45","date_gmt":"2025-06-17T22:57:45","guid":{"rendered":"https:\/\/nauyacawaterfallscostarica.com\/?post_type=product&#038;p=637"},"modified":"2025-08-13T16:37:49","modified_gmt":"2025-08-13T22:37:49","slug":"caminata","status":"publish","type":"product","link":"https:\/\/nauyacawaterfallscostarica.com\/en\/product\/caminata\/","title":{"rendered":"Walking"},"content":{"rendered":"<p>Para realizar la caminata NO se necesita una reservaci\u00f3n solo tiene que comprar el tiquete de admisi\u00f3n en nuestra oficina, el precio es de $10 d\u00f3lares para extranjeros o \u00a23.500 colones para nacionales o residentes (deben presentar la c\u00e9dula). Impuestos Incluidos.<br \/>\nThe parking has security and the cost for the ticket is $5 or \u00a22500<br \/>\nPara ingresar o entrar a las Cataratas, la venta de tiquetes en nuestra oficina es de 7:00 a.m. a las 2:00 p.m. (los Domingos de 8:00 a.m. a las 2:00 p.m.) \u00fanicamente.<br \/>\nEl horario de salida de la Cataratas es a las 3:30 p.m., despu\u00e9s de esta hora estar\u00e1n cerrados todos los accesos.<\/p>\n<p>La distancia DESDE LA OFICINA es de 11 kil\u00f3metros (5.5 de ida y 5.5 de regreso).<br \/>\nSi tiene auto puede avanzar hasta el parqueo y de ah\u00ed iniciar la caminata de 7 kil\u00f3metros (3.5 de ida y 3.5 de vuelta).<\/p>\n<p>For the safety of your pets and yours, pets are not allowed, except service dogs with leash (must present the dog\u2019s license and handler ID).<br \/>\nThis is not a tour; you go by your own.<br \/>\nNo es recomendable para ni\u00f1os peque\u00f1os, adultos mayores, mujeres embarazadas o para personas con problemas de salud.<br \/>\nDebe llevar su propia alimentaci\u00f3n, no tenemos restaurante.<br \/>\nSe recomienda traer protector solar y zapatos c\u00f3modos para caminar.<\/p>","protected":false},"excerpt":{"rendered":"<p>Disfrute de una caminata autoguiada por la naturaleza. No se requiere reservaci\u00f3n; solo adquiera su tiquete en nuestra oficina por $10 (extranjeros) o \u00a23.500 (nacionales\/residentes). El recorrido es de 11 km ida y vuelta desde la oficina, o 7 km si accede al parqueo ($5 \/ \u00a22.500). Ingreso permitido de 7:00 a.m. a 2:00 p.m. (Domingos desde las 8:00 a.m.). Salida obligatoria antes de las 3:30 p.m. No se permite el ingreso de mascotas. No apto para ni\u00f1os peque\u00f1os, adultos mayores ni personas con problemas de salud. Lleve alimentaci\u00f3n, calzado c\u00f3modo y protector solar.<\/p>","protected":false},"featured_media":845,"template":"","meta":{"site-sidebar-layout":"default","site-content-layout":"","ast-site-content-layout":"default","site-content-style":"default","site-sidebar-style":"default","ast-global-header-display":"","ast-banner-title-visibility":"","ast-main-header-display":"","ast-hfb-above-header-display":"","ast-hfb-below-header-display":"","ast-hfb-mobile-header-display":"","site-post-title":"","ast-breadcrumbs-content":"","ast-featured-img":"","footer-sml-layout":"","theme-transparent-header-meta":"default","adv-header-id-meta":"","stick-header-meta":"","header-above-stick-meta":"","header-main-stick-meta":"","header-below-stick-meta":"","astra-migrate-meta-layouts":"set","ast-page-background-enabled":"default","ast-page-background-meta":{"desktop":{"background-color":"var(--ast-global-color-5)","background-image":"","background-repeat":"repeat","background-position":"center center","background-size":"auto","background-attachment":"scroll","background-type":"","background-media":"","overlay-type":"","overlay-color":"","overlay-opacity":"","overlay-gradient":""},"tablet":{"background-color":"","background-image":"","background-repeat":"repeat","background-position":"center center","background-size":"auto","background-attachment":"scroll","background-type":"","background-media":"","overlay-type":"","overlay-color":"","overlay-opacity":"","overlay-gradient":""},"mobile":{"background-color":"","background-image":"","background-repeat":"repeat","background-position":"center center","background-size":"auto","background-attachment":"scroll","background-type":"","background-media":"","overlay-type":"","overlay-color":"","overlay-opacity":"","overlay-gradient":""}},"ast-content-background-meta":{"desktop":{"background-color":"var(--ast-global-color-4)","background-image":"","background-repeat":"repeat","background-position":"center center","background-size":"auto","background-attachment":"scroll","background-type":"","background-media":"","overlay-type":"","overlay-color":"","overlay-opacity":"","overlay-gradient":""},"tablet":{"background-color":"var(--ast-global-color-4)","background-image":"","background-repeat":"repeat","background-position":"center center","background-size":"auto","background-attachment":"scroll","background-type":"","background-media":"","overlay-type":"","overlay-color":"","overlay-opacity":"","overlay-gradient":""},"mobile":{"background-color":"var(--ast-global-color-4)","background-image":"","background-repeat":"repeat","background-position":"center center","background-size":"auto","background-attachment":"scroll","background-type":"","background-media":"","overlay-type":"","overlay-color":"","overlay-opacity":"","overlay-gradient":""}}},"product_brand":[],"product_cat":[26],"product_tag":[],"class_list":{"0":"post-637","1":"product","2":"type-product","3":"status-publish","4":"has-post-thumbnail","6":"product_cat-caminata","7":"desktop-align-left","8":"tablet-align-left","9":"mobile-align-left","11":"first","12":"instock","13":"shipping-taxable","14":"product-type-external"},"yoast_head":"<!-- This site is optimized with the Yoast SEO plugin v26.7 - https:\/\/yoast.com\/wordpress\/plugins\/seo\/ -->\n<title>Caminata - nauyacawaterfallscostarica.com<\/title>\n<meta name=\"description\" content=\"Explora los tours a las Cataratas Nauyaca: caminatas, cabalgatas y aventuras 4x4 en plena naturaleza costarricense. \u00a1Reserva tu experiencia hoy! - Explore Nauyaca Waterfalls tours: hiking, horseback riding, and 4x4 adventures in Costa Rica\u2019s lush nature. Book your unforgettable experience today!\" \/>\n<meta name=\"robots\" content=\"index, follow, max-snippet:-1, max-image-preview:large, max-video-preview:-1\" \/>\n<link rel=\"canonical\" href=\"https:\/\/nauyacawaterfallscostarica.com\/en\/product\/caminata\/\" \/>\n<meta property=\"og:locale\" content=\"en_US\" \/>\n<meta property=\"og:type\" content=\"article\" \/>\n<meta property=\"og:title\" content=\"Caminata - nauyacawaterfallscostarica.com\" \/>\n<meta property=\"og:description\" content=\"Explora los tours a las Cataratas Nauyaca: caminatas, cabalgatas y aventuras 4x4 en plena naturaleza costarricense. \u00a1Reserva tu experiencia hoy! - Explore Nauyaca Waterfalls tours: hiking, horseback riding, and 4x4 adventures in Costa Rica\u2019s lush nature. Book your unforgettable experience today!\" \/>\n<meta property=\"og:url\" content=\"https:\/\/nauyacawaterfallscostarica.com\/en\/product\/caminata\/\" \/>\n<meta property=\"og:site_name\" content=\"nauyacawaterfallscostarica.com\" \/>\n<meta property=\"article:publisher\" content=\"https:\/\/www.facebook.com\/nauyacawaterfalls.cr\/\" \/>\n<meta property=\"article:modified_time\" content=\"2025-08-13T22:37:49+00:00\" \/>\n<meta property=\"og:image\" content=\"https:\/\/nauyacawaterfallscostarica.com\/wp-content\/uploads\/2025\/07\/IMG_0173.jpg\" \/>\n\t<meta property=\"og:image:width\" content=\"1500\" \/>\n\t<meta property=\"og:image:height\" content=\"842\" \/>\n\t<meta property=\"og:image:type\" content=\"image\/jpeg\" \/>\n<meta name=\"twitter:card\" content=\"summary_large_image\" \/>\n<meta name=\"twitter:site\" content=\"@NauyacaA\" \/>\n<meta name=\"twitter:label1\" content=\"Est. reading time\" \/>\n\t<meta name=\"twitter:data1\" content=\"1 minute\" \/>\n<script type=\"application\/ld+json\" class=\"yoast-schema-graph\">{\"@context\":\"https:\/\/schema.org\",\"@graph\":[{\"@type\":\"WebPage\",\"@id\":\"https:\/\/nauyacawaterfallscostarica.com\/producto\/caminata\/\",\"url\":\"https:\/\/nauyacawaterfallscostarica.com\/producto\/caminata\/\",\"name\":\"Caminata - nauyacawaterfallscostarica.com\",\"isPartOf\":{\"@id\":\"https:\/\/nauyacawaterfallscostarica.com\/#website\"},\"primaryImageOfPage\":{\"@id\":\"https:\/\/nauyacawaterfallscostarica.com\/producto\/caminata\/#primaryimage\"},\"image\":{\"@id\":\"https:\/\/nauyacawaterfallscostarica.com\/producto\/caminata\/#primaryimage\"},\"thumbnailUrl\":\"https:\/\/nauyacawaterfallscostarica.com\/wp-content\/uploads\/2025\/07\/IMG_0173.jpg\",\"datePublished\":\"2025-06-17T22:57:45+00:00\",\"dateModified\":\"2025-08-13T22:37:49+00:00\",\"description\":\"Explora los tours a las Cataratas Nauyaca: caminatas, cabalgatas y aventuras 4x4 en plena naturaleza costarricense. \u00a1Reserva tu experiencia hoy! - Explore Nauyaca Waterfalls tours: hiking, horseback riding, and 4x4 adventures in Costa Rica\u2019s lush nature. Book your unforgettable experience today!\",\"breadcrumb\":{\"@id\":\"https:\/\/nauyacawaterfallscostarica.com\/producto\/caminata\/#breadcrumb\"},\"inLanguage\":\"en-US\",\"potentialAction\":[{\"@type\":\"ReadAction\",\"target\":[\"https:\/\/nauyacawaterfallscostarica.com\/producto\/caminata\/\"]}]},{\"@type\":\"ImageObject\",\"inLanguage\":\"en-US\",\"@id\":\"https:\/\/nauyacawaterfallscostarica.com\/producto\/caminata\/#primaryimage\",\"url\":\"https:\/\/nauyacawaterfallscostarica.com\/wp-content\/uploads\/2025\/07\/IMG_0173.jpg\",\"contentUrl\":\"https:\/\/nauyacawaterfallscostarica.com\/wp-content\/uploads\/2025\/07\/IMG_0173.jpg\",\"width\":1500,\"height\":842},{\"@type\":\"BreadcrumbList\",\"@id\":\"https:\/\/nauyacawaterfallscostarica.com\/producto\/caminata\/#breadcrumb\",\"itemListElement\":[{\"@type\":\"ListItem\",\"position\":1,\"name\":\"Home\",\"item\":\"https:\/\/nauyacawaterfallscostarica.com\/\"},{\"@type\":\"ListItem\",\"position\":2,\"name\":\"Tienda\",\"item\":\"https:\/\/nauyacawaterfallscostarica.com\/tienda\/\"},{\"@type\":\"ListItem\",\"position\":3,\"name\":\"Caminata\"}]},{\"@type\":\"WebSite\",\"@id\":\"https:\/\/nauyacawaterfallscostarica.com\/#website\",\"url\":\"https:\/\/nauyacawaterfallscostarica.com\/\",\"name\":\"Nauyaca Waterfalls\",\"description\":\"A paradise for you. - Un para\u00edso para usted\",\"publisher\":{\"@id\":\"https:\/\/nauyacawaterfallscostarica.com\/#organization\"},\"alternateName\":\"Cataratas Nauyaca\",\"potentialAction\":[{\"@type\":\"SearchAction\",\"target\":{\"@type\":\"EntryPoint\",\"urlTemplate\":\"https:\/\/nauyacawaterfallscostarica.com\/?s={search_term_string}\"},\"query-input\":{\"@type\":\"PropertyValueSpecification\",\"valueRequired\":true,\"valueName\":\"search_term_string\"}}],\"inLanguage\":\"en-US\"},{\"@type\":\"Organization\",\"@id\":\"https:\/\/nauyacawaterfallscostarica.com\/#organization\",\"name\":\"Cataratas Nauyaca S.A\",\"url\":\"https:\/\/nauyacawaterfallscostarica.com\/\",\"logo\":{\"@type\":\"ImageObject\",\"inLanguage\":\"en-US\",\"@id\":\"https:\/\/nauyacawaterfallscostarica.com\/#\/schema\/logo\/image\/\",\"url\":\"https:\/\/nauyacawaterfallscostarica.com\/wp-content\/uploads\/2025\/05\/Recurso-6-8-1.png\",\"contentUrl\":\"https:\/\/nauyacawaterfallscostarica.com\/wp-content\/uploads\/2025\/05\/Recurso-6-8-1.png\",\"width\":465,\"height\":504,\"caption\":\"Cataratas Nauyaca S.A\"},\"image\":{\"@id\":\"https:\/\/nauyacawaterfallscostarica.com\/#\/schema\/logo\/image\/\"},\"sameAs\":[\"https:\/\/www.facebook.com\/nauyacawaterfalls.cr\/\",\"https:\/\/x.com\/NauyacaA\",\"https:\/\/www.instagram.com\/nauyaca_waterfalls\"]}]}<\/script>\n<!-- \/ Yoast SEO plugin. -->","yoast_head_json":{"title":"Caminata - nauyacawaterfallscostarica.com","description":"Explora los tours a las Cataratas Nauyaca: caminatas, cabalgatas y aventuras 4x4 en plena naturaleza costarricense. \u00a1Reserva tu experiencia hoy! - Explore Nauyaca Waterfalls tours: hiking, horseback riding, and 4x4 adventures in Costa Rica\u2019s lush nature. Book your unforgettable experience today!","robots":{"index":"index","follow":"follow","max-snippet":"max-snippet:-1","max-image-preview":"max-image-preview:large","max-video-preview":"max-video-preview:-1"},"canonical":"https:\/\/nauyacawaterfallscostarica.com\/en\/product\/caminata\/","og_locale":"en_US","og_type":"article","og_title":"Caminata - nauyacawaterfallscostarica.com","og_description":"Explora los tours a las Cataratas Nauyaca: caminatas, cabalgatas y aventuras 4x4 en plena naturaleza costarricense. \u00a1Reserva tu experiencia hoy! - Explore Nauyaca Waterfalls tours: hiking, horseback riding, and 4x4 adventures in Costa Rica\u2019s lush nature. Book your unforgettable experience today!","og_url":"https:\/\/nauyacawaterfallscostarica.com\/en\/product\/caminata\/","og_site_name":"nauyacawaterfallscostarica.com","article_publisher":"https:\/\/www.facebook.com\/nauyacawaterfalls.cr\/","article_modified_time":"2025-08-13T22:37:49+00:00","og_image":[{"width":1500,"height":842,"url":"https:\/\/nauyacawaterfallscostarica.com\/wp-content\/uploads\/2025\/07\/IMG_0173.jpg","type":"image\/jpeg"}],"twitter_card":"summary_large_image","twitter_site":"@NauyacaA","twitter_misc":{"Est. reading time":"1 minute"},"schema":{"@context":"https:\/\/schema.org","@graph":[{"@type":"WebPage","@id":"https:\/\/nauyacawaterfallscostarica.com\/producto\/caminata\/","url":"https:\/\/nauyacawaterfallscostarica.com\/producto\/caminata\/","name":"Caminata - nauyacawaterfallscostarica.com","isPartOf":{"@id":"https:\/\/nauyacawaterfallscostarica.com\/#website"},"primaryImageOfPage":{"@id":"https:\/\/nauyacawaterfallscostarica.com\/producto\/caminata\/#primaryimage"},"image":{"@id":"https:\/\/nauyacawaterfallscostarica.com\/producto\/caminata\/#primaryimage"},"thumbnailUrl":"https:\/\/nauyacawaterfallscostarica.com\/wp-content\/uploads\/2025\/07\/IMG_0173.jpg","datePublished":"2025-06-17T22:57:45+00:00","dateModified":"2025-08-13T22:37:49+00:00","description":"Explora los tours a las Cataratas Nauyaca: caminatas, cabalgatas y aventuras 4x4 en plena naturaleza costarricense. \u00a1Reserva tu experiencia hoy! - Explore Nauyaca Waterfalls tours: hiking, horseback riding, and 4x4 adventures in Costa Rica\u2019s lush nature. Book your unforgettable experience today!","breadcrumb":{"@id":"https:\/\/nauyacawaterfallscostarica.com\/producto\/caminata\/#breadcrumb"},"inLanguage":"en-US","potentialAction":[{"@type":"ReadAction","target":["https:\/\/nauyacawaterfallscostarica.com\/producto\/caminata\/"]}]},{"@type":"ImageObject","inLanguage":"en-US","@id":"https:\/\/nauyacawaterfallscostarica.com\/producto\/caminata\/#primaryimage","url":"https:\/\/nauyacawaterfallscostarica.com\/wp-content\/uploads\/2025\/07\/IMG_0173.jpg","contentUrl":"https:\/\/nauyacawaterfallscostarica.com\/wp-content\/uploads\/2025\/07\/IMG_0173.jpg","width":1500,"height":842},{"@type":"BreadcrumbList","@id":"https:\/\/nauyacawaterfallscostarica.com\/producto\/caminata\/#breadcrumb","itemListElement":[{"@type":"ListItem","position":1,"name":"Home","item":"https:\/\/nauyacawaterfallscostarica.com\/"},{"@type":"ListItem","position":2,"name":"Tienda","item":"https:\/\/nauyacawaterfallscostarica.com\/tienda\/"},{"@type":"ListItem","position":3,"name":"Caminata"}]},{"@type":"WebSite","@id":"https:\/\/nauyacawaterfallscostarica.com\/#website","url":"https:\/\/nauyacawaterfallscostarica.com\/","name":"Nauyaca Waterfalls","description":"A paradise for you. - Un para\u00edso para usted","publisher":{"@id":"https:\/\/nauyacawaterfallscostarica.com\/#organization"},"alternateName":"Cataratas Nauyaca","potentialAction":[{"@type":"SearchAction","target":{"@type":"EntryPoint","urlTemplate":"https:\/\/nauyacawaterfallscostarica.com\/?s={search_term_string}"},"query-input":{"@type":"PropertyValueSpecification","valueRequired":true,"valueName":"search_term_string"}}],"inLanguage":"en-US"},{"@type":"Organization","@id":"https:\/\/nauyacawaterfallscostarica.com\/#organization","name":"Cataratas Nauyaca S.A","url":"https:\/\/nauyacawaterfallscostarica.com\/","logo":{"@type":"ImageObject","inLanguage":"en-US","@id":"https:\/\/nauyacawaterfallscostarica.com\/#\/schema\/logo\/image\/","url":"https:\/\/nauyacawaterfallscostarica.com\/wp-content\/uploads\/2025\/05\/Recurso-6-8-1.png","contentUrl":"https:\/\/nauyacawaterfallscostarica.com\/wp-content\/uploads\/2025\/05\/Recurso-6-8-1.png","width":465,"height":504,"caption":"Cataratas Nauyaca S.A"},"image":{"@id":"https:\/\/nauyacawaterfallscostarica.com\/#\/schema\/logo\/image\/"},"sameAs":["https:\/\/www.facebook.com\/nauyacawaterfalls.cr\/","https:\/\/x.com\/NauyacaA","https:\/\/www.instagram.com\/nauyaca_waterfalls"]}]}},"_links":{"self":[{"href":"https:\/\/nauyacawaterfallscostarica.com\/en\/wp-json\/wp\/v2\/product\/637","targetHints":{"allow":["GET"]}}],"collection":[{"href":"https:\/\/nauyacawaterfallscostarica.com\/en\/wp-json\/wp\/v2\/product"}],"about":[{"href":"https:\/\/nauyacawaterfallscostarica.com\/en\/wp-json\/wp\/v2\/types\/product"}],"wp:featuredmedia":[{"embeddable":true,"href":"https:\/\/nauyacawaterfallscostarica.com\/en\/wp-json\/wp\/v2\/media\/845"}],"wp:attachment":[{"href":"https:\/\/nauyacawaterfallscostarica.com\/en\/wp-json\/wp\/v2\/media?parent=637"}],"wp:term":[{"taxonomy":"product_brand","embeddable":true,"href":"https:\/\/nauyacawaterfallscostarica.com\/en\/wp-json\/wp\/v2\/product_brand?post=637"},{"taxonomy":"product_cat","embeddable":true,"href":"https:\/\/nauyacawaterfallscostarica.com\/en\/wp-json\/wp\/v2\/product_cat?post=637"},{"taxonomy":"product_tag","embeddable":true,"href":"https:\/\/nauyacawaterfallscostarica.com\/en\/wp-json\/wp\/v2\/product_tag?post=637"}],"curies":[{"name":"wp","href":"https:\/\/api.w.org\/{rel}","templated":true}]}}